{"id":941,"date":"2018-08-31T17:04:43","date_gmt":"2018-08-31T20:04:43","guid":{"rendered":"https:\/\/isp8e-sfe.infd.edu.ar\/sitio\/manual-del-alumno\/"},"modified":"2026-05-04T19:03:40","modified_gmt":"2026-05-04T22:03:40","slug":"manual-del-alumno","status":"publish","type":"page","link":"https:\/\/is68-sfe.infd.edu.ar\/sitio\/manual-del-alumno\/","title":{"rendered":"MANUAL DEL ALUMNO"},"content":{"rendered":"<p style=\"text-align: center;\"><img decoding=\"async\" src=\"https:\/\/is68-sfe.infd.edu.ar\/sitio\/wp-content\/uploads\/2021\/07\/manual.jpg\" \/><\/p>\n<p style=\"text-align: justify;\">Para ayudarte constantemente, se ha elaborado este <span style=\"font-family: arial black,avant garde; font-size: 12pt; color: #6b6b6b;\"><strong>Manual del Alumno<\/strong><\/span>, en donde encontrar\u00e1s, aquellas informaciones generales necesarias para la entrega de tus TRABAJOS PR\u00c1CTICOS -condiciones b\u00e1sicas de entrega y elaboraci\u00f3n-, entre otras.<br \/>\nAs\u00ed como tambi\u00e9n, las Leyes Nacionales, Provinciales e Institucionales de la Educaci\u00f3n Superior, las indicaciones espec\u00edficas de d\u00f3nde y c\u00f3mo obtener diferentes bibliograf\u00edas de libros y online&#8230; y muchos m\u00e1s&#8230;<\/p>\n<p style=\"text-align: center;\">\n<table style=\"width: 1000px; border-collapse: collapse; border-color: #26a8bf; margin-left: auto; margin-right: auto; height: 1170px;\" border=\"0\">\n<tbody>\n<tr style=\"height: 552px;\">\n<td style=\"width: 291px; vertical-align: top; height: 552px; text-align: center;\"><img decoding=\"async\" loading=\"lazy\" src=\"https:\/\/is68-sfe.infd.edu.ar\/sitio\/wp-content\/uploads\/2021\/07\/leyes-y-normas-2.jpg\" width=\"350\" height=\"1436\" border=\"0\" \/><\/td>\n<td style=\"width: 10px; height: 552px;\"><\/td>\n<td style=\"width: 432px; height: 552px; vertical-align: top;\">\n<table style=\"width: 96%; margin: 22px auto; border-collapse: collapse;\" border=\"0\">\n<tbody style=\"border-radius: 4px; box-shadow: 1px 2px 7px rgba(208, 208, 208, .7);\">\n<tr>\n<td style=\"width: 19.8937%; padding: 15px 17px; color: #2ed5db; vertical-align: top;\"><img decoding=\"async\" loading=\"lazy\" src=\"https:\/\/is68-sfe.infd.edu.ar\/sitio\/wp-content\/uploads\/2021\/04\/manito.jpg\" alt=\"\" width=\"59\" height=\"59\" border=\"0\" \/><\/td>\n<td style=\"width: 75.1063%; padding: 15px 20px 15px 0px; font-size: 1rem; color: #6b6b6b;\"><a href=\"https:\/\/is68-sfe.infd.edu.ar\/aula\/archivos\/repositorio\/\/250\/306\/ROI_Provincial.pdf\" target=\"_blank\" rel=\"noopener\"><strong>ROI Provincial<\/strong><\/a><span style=\"font-size: 1rem;\">\u00a0(Reglamento Org\u00e1nico de los Institutos Superiores de la Provincia de Santa Fe)<\/span><\/td>\n<\/tr>\n<\/tbody>\n<\/table>\n<table style=\"width: 96%; margin: 22px auto; border-collapse: collapse;\" border=\"0\">\n<tbody style=\"border-radius: 4px; box-shadow: 1px 2px 7px rgba(208, 208, 208, .7);\">\n<tr>\n<td style=\"width: 19.8937%; padding: 15px 17px; color: #2ed5db; vertical-align: top;\"><img decoding=\"async\" loading=\"lazy\" src=\"https:\/\/is68-sfe.infd.edu.ar\/sitio\/wp-content\/uploads\/2021\/04\/manito.jpg\" alt=\"\" width=\"59\" height=\"59\" border=\"0\" \/><\/td>\n<td style=\"width: 75.1063%; padding: 15px 20px 15px 0px; font-size: 1rem; color: #6b6b6b;\"><a href=\"https:\/\/is68-sfe.infd.edu.ar\/aula\/archivos\/repositorio\/\/250\/309\/Ley_Nacional_de_Educacion_Superior.pdf\" target=\"_blank\" rel=\"noopener\"><strong>Ley Nacional de Educaci\u00f3n Superior<\/strong><\/a><\/td>\n<\/tr>\n<\/tbody>\n<\/table>\n<table style=\"width: 96%; margin: 22px 2%; border-collapse: collapse;\" border=\"0\">\n<tbody style=\"border-radius: 4px; box-shadow: 1px 2px 7px rgba(208, 208, 208, .7);\">\n<tr>\n<td style=\"width: 18.8261%; padding: 15px 17px; color: #2ed5db; vertical-align: top;\"><img decoding=\"async\" loading=\"lazy\" src=\"https:\/\/is68-sfe.infd.edu.ar\/sitio\/wp-content\/uploads\/2021\/04\/manito.jpg\" width=\"59\" height=\"59\" border=\"0\" \/><\/td>\n<td style=\"width: 73.1739%; padding: 15px 20px 15px 0px; font-size: 1rem; color: #6b6b6b;\"><a href=\"https:\/\/is68-sfe.infd.edu.ar\/aula\/archivos\/repositorio\/\/250\/310\/Ley_Nacional_de_Pasantias_Educativas.pdf\" target=\"_blank\" rel=\"noopener\"><strong>Ley Nacional de Pasant\u00edas<\/strong><\/a><\/td>\n<\/tr>\n<\/tbody>\n<\/table>\n<table style=\"width: 96%; margin: 22px auto; border-collapse: collapse;\" border=\"0\">\n<tbody style=\"border-radius: 4px; box-shadow: 1px 2px 7px rgba(208, 208, 208, .7);\">\n<tr style=\"height: 98px;\">\n<td style=\"width: 19.8937%; padding: 15px 17px; color: #2ed5db; vertical-align: top; height: 98px;\"><img decoding=\"async\" loading=\"lazy\" src=\"https:\/\/is68-sfe.infd.edu.ar\/sitio\/wp-content\/uploads\/2021\/04\/manito.jpg\" alt=\"\" width=\"59\" height=\"59\" border=\"0\" \/><\/td>\n<td style=\"width: 75.1063%; padding: 15px 20px 15px 0px; font-size: 1rem; color: #6b6b6b; height: 98px;\"><a title=\"Constituci\u00f3n y funcionamiento de los Centros de Estudiantes Secundarios, y Superior no Universitarios\" href=\"https:\/\/is68-sfe.infd.edu.ar\/sitio\/manual-del-alumno\/upload\/Ley_N_13392.pdf\" target=\"_blank\" rel=\"noopener\"><strong>Ley 13392<\/strong><\/a>\u00a0(Constituci\u00f3n y funcionamiento de los Centros de Estudiantes Secundarios, y Superior no Universitarios)<\/td>\n<\/tr>\n<\/tbody>\n<\/table>\n<table style=\"width: 96%; margin: 22px auto; border-collapse: collapse;\" border=\"0\">\n<tbody style=\"border-radius: 4px; box-shadow: 1px 2px 7px rgba(208, 208, 208, .7);\">\n<tr>\n<td style=\"width: 19.8937%; padding: 15px 17px; color: #2ed5db; vertical-align: top;\"><img decoding=\"async\" loading=\"lazy\" src=\"https:\/\/is68-sfe.infd.edu.ar\/sitio\/wp-content\/uploads\/2021\/04\/manito.jpg\" alt=\"\" width=\"59\" height=\"59\" border=\"0\" \/><\/td>\n<td style=\"width: 75.1063%; padding: 15px 20px 15px 0px; font-size: 1rem; color: #6b6b6b;\"><a title=\"Estatuto del Centro de Estudiantes\" href=\"https:\/\/is68-sfe.infd.edu.ar\/sitio\/manual-del-alumno\/upload\/Estatuto_centro_de_estudiantes_ISP8.pdf\" target=\"_blank\" rel=\"noopener\"><strong>Estatuto del Centro de Estudiantes<\/strong><\/a><\/td>\n<\/tr>\n<\/tbody>\n<\/table>\n<table style=\"width: 96%; margin: 22px 2%; border-collapse: collapse;\" border=\"0\">\n<tbody style=\"border-radius: 4px; box-shadow: 1px 2px 7px rgba(208, 208, 208, .7);\">\n<tr>\n<td style=\"width: 18.8261%; padding: 15px 17px; color: #2ed5db; vertical-align: top;\"><img decoding=\"async\" loading=\"lazy\" src=\"https:\/\/is68-sfe.infd.edu.ar\/sitio\/wp-content\/uploads\/2021\/04\/manito.jpg\" width=\"59\" height=\"59\" border=\"0\" \/><\/td>\n<td style=\"width: 73.1739%; padding: 15px 20px 15px 0px; font-size: 1rem; color: #6b6b6b;\"><strong><a title=\"Dec. 4199-15 Reglamento Acad\u00e9mico Marco #AP#RAM#CP#\" href=\"https:\/\/is68-sfe.infd.edu.ar\/sitio\/manual-del-alumno\/upload\/Dec_4199-15_Reglamento_Academico_Marco_RAM.pdf\" target=\"_blank\" rel=\"noopener\">Dec. 4199-15 Reglamento Acad\u00e9mico Marco (RAM)<\/a><\/strong><\/td>\n<\/tr>\n<\/tbody>\n<\/table>\n<table style=\"width: 96%; margin: 22px 2%; border-collapse: collapse;\" border=\"0\">\n<tbody style=\"border-radius: 4px; box-shadow: 1px 2px 7px rgba(208, 208, 208, .7);\">\n<tr>\n<td style=\"width: 18.8261%; padding: 15px 17px; color: #2ed5db; vertical-align: top;\"><img decoding=\"async\" loading=\"lazy\" src=\"https:\/\/is68-sfe.infd.edu.ar\/sitio\/wp-content\/uploads\/2021\/04\/manito.jpg\" width=\"59\" height=\"59\" border=\"0\" \/><\/td>\n<td style=\"width: 73.1739%; padding: 15px 20px 15px 0px; font-size: 1rem; color: #6b6b6b;\"><a href=\"https:\/\/drive.google.com\/file\/d\/1y73aotkRPib0gbOgULyFn6xy6H902DqB\/view?usp=drive_link\"><strong>REGLAMENTO ACAD\u00c9MICO INSTITUCIONAL (RAI) ISP Nro. 68<\/strong><\/a><\/td>\n<\/tr>\n<\/tbody>\n<\/table>\n<table style=\"width: 96%; margin: 22px 2%; border-collapse: collapse;\" border=\"0\">\n<tbody style=\"border-radius: 4px; box-shadow: 1px 2px 7px rgba(208, 208, 208, .7);\">\n<tr>\n<td style=\"width: 18.5507%; padding: 15px 17px; color: #2ed5db; vertical-align: top;\"><img decoding=\"async\" loading=\"lazy\" src=\"https:\/\/is68-sfe.infd.edu.ar\/sitio\/wp-content\/uploads\/2021\/04\/manito.jpg\" width=\"59\" height=\"59\" border=\"0\" \/><\/td>\n<td style=\"width: 71.4493%; padding: 15px 20px 15px 0px; font-size: 1rem; color: #6b6b6b;\"><a title=\"Dec 4200-15 Reglamento de Pr\u00e1ctica #AP#RP#CP#\" href=\"https:\/\/is68-sfe.infd.edu.ar\/sitio\/manual-del-alumno\/upload\/Dec_4200-15_Reglamento_de_Practica_RP.pdf\" target=\"_blank\" rel=\"noopener\"><strong>Dec. 4200-15 Reglamento de Pr\u00e1ctica Docente (RPD)<\/strong><\/a><\/td>\n<\/tr>\n<\/tbody>\n<\/table>\n<table style=\"width: 96%; margin: 22px 2%; border-collapse: collapse;\" border=\"0\">\n<tbody style=\"border-radius: 4px; box-shadow: 1px 2px 7px rgba(208, 208, 208, .7);\">\n<tr style=\"height: 55px;\">\n<td style=\"width: 18.5507%; padding: 15px 17px; color: #2ed5db; vertical-align: top; height: 55px;\"><img decoding=\"async\" loading=\"lazy\" src=\"https:\/\/is68-sfe.infd.edu.ar\/sitio\/wp-content\/uploads\/2021\/04\/manito.jpg\" width=\"59\" height=\"59\" border=\"0\" \/><\/td>\n<td style=\"width: 71.4493%; padding: 15px 20px 15px 0px; font-size: 1rem; color: #6b6b6b; height: 55px;\"><a title=\"Res. 30-15 Calendario Escolar 2016\" href=\"https:\/\/is68-sfe.infd.edu.ar\/sitio\/wp-content\/uploads\/2018\/10\/Dec-1559-7-1-Pr%C3%A1c-Profesionalizantes.pdf\" target=\"_blank\" rel=\"noopener\"><strong>Pr\u00e1cticas Profesionalizantes<\/strong><\/a><\/td>\n<\/tr>\n<\/tbody>\n<\/table>\n<\/td>\n<\/tr>\n<\/tbody>\n<\/table>\n<table style=\"width: 1000px; border-collapse: collapse; border-color: #26a8bf; margin-left: auto; margin-right: auto; height: 350px;\" border=\"0\">\n<tbody>\n<tr style=\"height: 208px;\">\n<td style=\"width: 291px; vertical-align: top; height: 208px; text-align: center;\"><img decoding=\"async\" loading=\"lazy\" src=\"https:\/\/is68-sfe.infd.edu.ar\/sitio\/wp-content\/uploads\/2021\/07\/TP.jpg\" width=\"350\" height=\"350\" border=\"0\" \/><\/td>\n<td style=\"width: 10px; height: 208px;\"><\/td>\n<td style=\"width: 423px; vertical-align: top; height: 208px;\">\n<table style=\"width: 96%; margin: 22px 2%; border-collapse: collapse;\" border=\"0\">\n<tbody style=\"border-radius: 4px; box-shadow: 1px 2px 7px rgba(208, 208, 208, .7);\">\n<tr style=\"height: 42px;\">\n<td style=\"width: 23.3003%; padding: 15px 17px; color: #2ed5db; vertical-align: top; height: 42px;\"><img decoding=\"async\" loading=\"lazy\" src=\"https:\/\/is68-sfe.infd.edu.ar\/sitio\/wp-content\/uploads\/2021\/04\/manito.jpg\" width=\"59\" height=\"59\" border=\"0\" \/><\/td>\n<td style=\"width: 67.6997%; padding: 15px 20px 15px 0px; font-size: 1rem; color: #6b6b6b; height: 42px;\"><a href=\"https:\/\/is68-sfe.infd.edu.ar\/aula\/archivos\/repositorio\/\/250\/312\/formato_presentacion_TP.pdf\" target=\"_blank\" rel=\"noopener\"><strong>\u00bf<em>Qu\u00e9 es un TRABAJO PR\u00c1CTICO<\/em>?. Estructura General de un T.P., y otras cuestiones<\/strong><\/a><\/td>\n<\/tr>\n<\/tbody>\n<\/table>\n<table style=\"width: 96%; margin: 22px 2%; border-collapse: collapse;\" border=\"0\">\n<tbody style=\"border-radius: 4px; box-shadow: 1px 2px 7px rgba(208, 208, 208, .7);\">\n<tr>\n<td style=\"width: 23.3003%; padding: 15px 17px; color: #2ed5db; vertical-align: top;\"><img decoding=\"async\" loading=\"lazy\" src=\"https:\/\/is68-sfe.infd.edu.ar\/sitio\/wp-content\/uploads\/2021\/04\/manito.jpg\" width=\"59\" height=\"59\" border=\"0\" \/><\/td>\n<td style=\"width: 67.6997%; padding: 15px 20px 15px 0px; font-size: 1rem; color: #6b6b6b;\"><a href=\"https:\/\/is68-sfe.infd.edu.ar\/aula\/archivos\/repositorio\/\/0\/246\/CARATULA_PA_TRAB._PRACT..pdf\" target=\"_blank\" rel=\"noopener\"><strong>Condiciones que debe cumplir la C\u00e1ratula de un T.P.<\/strong><\/a><\/td>\n<\/tr>\n<\/tbody>\n<\/table>\n<\/td>\n<\/tr>\n<\/tbody>\n<\/table>\n<p style=\"text-align: center;\">\n<table style=\"width: 1000px; border-collapse: collapse; border-color: #26a8bf; margin-left: auto; margin-right: auto; height: 600px;\" border=\"0\">\n<tbody>\n<tr style=\"height: 478px;\">\n<td style=\"width: 291px; vertical-align: top; height: 450px; text-align: center;\"><img decoding=\"async\" loading=\"lazy\" src=\"https:\/\/is68-sfe.infd.edu.ar\/sitio\/wp-content\/uploads\/2021\/07\/referencias.jpg\" width=\"350\" height=\"735\" border=\"0\" \/><\/td>\n<td style=\"width: 10px; height: 478px;\"><\/td>\n<td style=\"width: 432px; height: 478px; vertical-align: top;\">\n<table style=\"width: 96%; margin: 22px auto; border-collapse: collapse;\" border=\"0\">\n<tbody style=\"border-radius: 4px; box-shadow: 1px 2px 7px rgba(208, 208, 208, .7);\">\n<tr>\n<td style=\"width: 19.8937%; padding: 15px 17px; color: #2ed5db; vertical-align: top;\"><img decoding=\"async\" loading=\"lazy\" src=\"https:\/\/is68-sfe.infd.edu.ar\/sitio\/wp-content\/uploads\/2021\/04\/manito.jpg\" alt=\"\" width=\"59\" height=\"59\" border=\"0\" \/><\/td>\n<td style=\"width: 75.1063%; padding: 15px 20px 15px 0px; font-size: 1rem; color: #6b6b6b;\"><a href=\"https:\/\/is68-sfe.infd.edu.ar\/sitio\/wp-content\/uploads\/2021\/06\/Normas-APA.pdf\" target=\"_blank\" rel=\"noopener\"><strong>Normas APA 2021<\/strong><\/a><\/td>\n<\/tr>\n<\/tbody>\n<\/table>\n<table style=\"width: 96%; margin: 22px auto; border-collapse: collapse;\" border=\"0\">\n<tbody style=\"border-radius: 4px; box-shadow: 1px 2px 7px rgba(208, 208, 208, .7);\">\n<tr>\n<td style=\"width: 19.8937%; padding: 15px 17px; color: #2ed5db; vertical-align: top;\"><img decoding=\"async\" loading=\"lazy\" src=\"https:\/\/is68-sfe.infd.edu.ar\/sitio\/wp-content\/uploads\/2021\/04\/manito.jpg\" alt=\"\" width=\"59\" height=\"59\" border=\"0\" \/><\/td>\n<td style=\"width: 75.1063%; padding: 15px 20px 15px 0px; font-size: 1rem; color: #6b6b6b;\"><a href=\"https:\/\/is68-sfe.infd.edu.ar\/aula\/archivos\/repositorio\/\/0\/248\/Elaboracion_de_referencias_segun_las_normas_de_la_APA.pdf\" target=\"_blank\" rel=\"noopener\"><strong style=\"font-size: 1rem;\">Elaboraci\u00f3n de Referencias, seg\u00fan las normas de la A.P.A.<\/strong><\/a><\/td>\n<\/tr>\n<\/tbody>\n<\/table>\n<table style=\"width: 96%; margin: 22px 2%; border-collapse: collapse;\" border=\"0\">\n<tbody style=\"border-radius: 4px; box-shadow: 1px 2px 7px rgba(208, 208, 208, .7);\">\n<tr>\n<td style=\"width: 18.8261%; padding: 15px 17px; color: #2ed5db; vertical-align: top;\"><img decoding=\"async\" loading=\"lazy\" src=\"https:\/\/is68-sfe.infd.edu.ar\/sitio\/wp-content\/uploads\/2021\/04\/manito.jpg\" width=\"59\" height=\"59\" border=\"0\" \/><\/td>\n<td style=\"width: 73.1739%; padding: 15px 20px 15px 0px; font-size: 1rem; color: #6b6b6b;\"><a href=\"https:\/\/is68-sfe.infd.edu.ar\/aula\/archivos\/repositorio\/\/0\/247\/CITAS_LARGAS_Y_CORTAS_-_Otro_idioma.pdf\" target=\"_blank\" rel=\"noopener\"><strong>Caracter\u00edsticas espec\u00edficas, de las diferentes formas de citar textualmente\u00a0<\/strong><\/a><\/td>\n<\/tr>\n<\/tbody>\n<\/table>\n<table style=\"width: 96%; margin: 22px 2%; border-collapse: collapse;\" border=\"0\">\n<tbody style=\"border-radius: 4px; box-shadow: 1px 2px 7px rgba(208, 208, 208, .7);\">\n<tr style=\"height: 5px;\">\n<td style=\"width: 18.5507%; padding: 15px 17px; color: #2ed5db; vertical-align: top; height: 5px;\"><img decoding=\"async\" loading=\"lazy\" src=\"https:\/\/is68-sfe.infd.edu.ar\/sitio\/wp-content\/uploads\/2021\/04\/manito.jpg\" width=\"59\" height=\"59\" border=\"0\" \/><\/td>\n<td style=\"width: 71.4493%; padding: 15px 20px 15px 0px; font-size: 1rem; color: #6b6b6b; height: 5px;\"><a href=\"https:\/\/is68-sfe.infd.edu.ar\/sitio\/wp-content\/uploads\/2021\/06\/Libros-sobre-Metodologia-de-Investigacion-Social.pdf\" target=\"_blank\" rel=\"noopener\"><strong>Libros sobre Metodolog\u00eda de Investigaci\u00f3n Social<\/strong><\/a><\/td>\n<\/tr>\n<\/tbody>\n<\/table>\n<\/td>\n<\/tr>\n<\/tbody>\n<\/table>\n<p style=\"text-align: center;\">\n<table style=\"width: 1000px; border-collapse: collapse; border-color: #26a8bf; margin-left: auto; margin-right: auto; height: 200px;\" border=\"0\">\n<tbody>\n<tr style=\"height: 227px;\">\n<td style=\"width: 291px; vertical-align: top; height: 227px; text-align: center;\"><img decoding=\"async\" loading=\"lazy\" src=\"https:\/\/is68-sfe.infd.edu.ar\/sitio\/wp-content\/uploads\/2021\/07\/presentaciones.jpg\" width=\"350\" height=\"200\" border=\"0\" \/><\/td>\n<td style=\"width: 10px; height: 227px;\"><\/td>\n<td style=\"width: 432px; height: 227px; vertical-align: top;\">\n<table style=\"width: 96%; margin: 22px auto; border-collapse: collapse;\" border=\"0\">\n<tbody style=\"border-radius: 4px; box-shadow: 1px 2px 7px rgba(208, 208, 208, .7);\">\n<tr>\n<td style=\"width: 19.8937%; padding: 15px 17px; color: #2ed5db; vertical-align: top;\"><img decoding=\"async\" loading=\"lazy\" src=\"https:\/\/is68-sfe.infd.edu.ar\/sitio\/wp-content\/uploads\/2021\/04\/manito.jpg\" alt=\"\" width=\"59\" height=\"59\" border=\"0\" \/><\/td>\n<td style=\"width: 75.1063%; padding: 15px 20px 15px 0px; font-size: 1rem; color: #6b6b6b;\"><strong><a title=\"Consejos para lograr una buena Presentaci\u00f3n\" href=\"https:\/\/is68-sfe.infd.edu.ar\/sitio\/manual-del-alumno\/index.cgi?wid_seccion=3&amp;wid_item=52\" target=\"_blank\" rel=\"noopener\">Consejos para lograr una buena Presentaci\u00f3n<\/a><\/strong><\/td>\n<\/tr>\n<\/tbody>\n<\/table>\n<\/td>\n<\/tr>\n<\/tbody>\n<\/table>\n","protected":false},"excerpt":{"rendered":"<p>Para ayudarte constantemente, se ha elaborado este Manual del Alumno, en donde encontrar\u00e1s, aquellas informaciones generales necesarias para la entrega de tus TRABAJOS PR\u00c1CTICOS -condiciones b\u00e1sicas de entrega y elaboraci\u00f3n-, entre otras. As\u00ed como tambi\u00e9n, las Leyes Nacionales, Provinciales e Institucionales de la Educaci\u00f3n Superior, las indicaciones espec\u00edficas de d\u00f3nde y c\u00f3mo obtener diferentes bibliograf\u00edas &#8230; <a title=\"MANUAL DEL ALUMNO\" class=\"read-more\" href=\"https:\/\/is68-sfe.infd.edu.ar\/sitio\/manual-del-alumno\/\" aria-label=\"More on MANUAL DEL ALUMNO\">[+]<\/a><\/p>\n","protected":false},"author":7,"featured_media":0,"parent":0,"menu_order":0,"comment_status":"closed","ping_status":"closed","template":"","meta":[],"acf":[],"_links":{"self":[{"href":"https:\/\/is68-sfe.infd.edu.ar\/sitio\/wp-json\/wp\/v2\/pages\/941"}],"collection":[{"href":"https:\/\/is68-sfe.infd.edu.ar\/sitio\/wp-json\/wp\/v2\/pages"}],"about":[{"href":"https:\/\/is68-sfe.infd.edu.ar\/sitio\/wp-json\/wp\/v2\/types\/page"}],"author":[{"embeddable":true,"href":"https:\/\/is68-sfe.infd.edu.ar\/sitio\/wp-json\/wp\/v2\/users\/7"}],"replies":[{"embeddable":true,"href":"https:\/\/is68-sfe.infd.edu.ar\/sitio\/wp-json\/wp\/v2\/comments?post=941"}],"version-history":[{"count":24,"href":"https:\/\/is68-sfe.infd.edu.ar\/sitio\/wp-json\/wp\/v2\/pages\/941\/revisions"}],"predecessor-version":[{"id":4206,"href":"https:\/\/is68-sfe.infd.edu.ar\/sitio\/wp-json\/wp\/v2\/pages\/941\/revisions\/4206"}],"wp:attachment":[{"href":"https:\/\/is68-sfe.infd.edu.ar\/sitio\/wp-json\/wp\/v2\/media?parent=941"}],"curies":[{"name":"wp","href":"https:\/\/api.w.org\/{rel}","templated":true}]}}