{"id":2402,"date":"2022-04-07T11:44:29","date_gmt":"2022-04-07T14:44:29","guid":{"rendered":"https:\/\/isp8e-sfe.infd.edu.ar\/sitio\/?page_id=2402"},"modified":"2023-06-15T23:40:43","modified_gmt":"2023-06-16T02:40:43","slug":"busqueda-laboral","status":"publish","type":"page","link":"https:\/\/is68-sfe.infd.edu.ar\/sitio\/busqueda-laboral\/","title":{"rendered":"B\u00fasqueda Laboral"},"content":{"rendered":"\n<p><\/p>\n\n\n\n<figure class=\"wp-block-image size-large\"><img decoding=\"async\" loading=\"lazy\" width=\"1900\" height=\"153\" src=\"https:\/\/is68-sfe.infd.edu.ar\/sitio\/wp-content\/uploads\/2022\/04\/linea2-1900x153.jpg\" alt=\"\" class=\"wp-image-2408\" srcset=\"https:\/\/is68-sfe.infd.edu.ar\/sitio\/wp-content\/uploads\/2022\/04\/linea2-1900x153.jpg 1900w, https:\/\/is68-sfe.infd.edu.ar\/sitio\/wp-content\/uploads\/2022\/04\/linea2-1000x81.jpg 1000w, https:\/\/is68-sfe.infd.edu.ar\/sitio\/wp-content\/uploads\/2022\/04\/linea2-768x62.jpg 768w, https:\/\/is68-sfe.infd.edu.ar\/sitio\/wp-content\/uploads\/2022\/04\/linea2-1536x124.jpg 1536w, https:\/\/is68-sfe.infd.edu.ar\/sitio\/wp-content\/uploads\/2022\/04\/linea2-2048x165.jpg 2048w\" sizes=\"(max-width: 1900px) 100vw, 1900px\" \/><\/figure>\n\n\n<div class=\"wp-block-image\">\n<figure class=\"aligncenter size-full is-resized\"><img decoding=\"async\" loading=\"lazy\" src=\"https:\/\/is68-sfe.infd.edu.ar\/sitio\/wp-content\/uploads\/2023\/06\/Aviso-Responsable-Infraestructura-y-Seguridad.jpg\" alt=\"\" class=\"wp-image-3105\" width=\"802\" height=\"1200\" srcset=\"https:\/\/is68-sfe.infd.edu.ar\/sitio\/wp-content\/uploads\/2023\/06\/Aviso-Responsable-Infraestructura-y-Seguridad.jpg 1069w, https:\/\/is68-sfe.infd.edu.ar\/sitio\/wp-content\/uploads\/2023\/06\/Aviso-Responsable-Infraestructura-y-Seguridad-668x1000.jpg 668w, https:\/\/is68-sfe.infd.edu.ar\/sitio\/wp-content\/uploads\/2023\/06\/Aviso-Responsable-Infraestructura-y-Seguridad-768x1149.jpg 768w, https:\/\/is68-sfe.infd.edu.ar\/sitio\/wp-content\/uploads\/2023\/06\/Aviso-Responsable-Infraestructura-y-Seguridad-1026x1536.jpg 1026w\" sizes=\"(max-width: 802px) 100vw, 802px\" \/><\/figure><\/div>\n\n\n<figure class=\"wp-block-image size-large\"><img decoding=\"async\" loading=\"lazy\" width=\"1900\" height=\"153\" src=\"https:\/\/is68-sfe.infd.edu.ar\/sitio\/wp-content\/uploads\/2022\/04\/linea2-1900x153.jpg\" alt=\"\" class=\"wp-image-2408\" srcset=\"https:\/\/is68-sfe.infd.edu.ar\/sitio\/wp-content\/uploads\/2022\/04\/linea2-1900x153.jpg 1900w, https:\/\/is68-sfe.infd.edu.ar\/sitio\/wp-content\/uploads\/2022\/04\/linea2-1000x81.jpg 1000w, https:\/\/is68-sfe.infd.edu.ar\/sitio\/wp-content\/uploads\/2022\/04\/linea2-768x62.jpg 768w, https:\/\/is68-sfe.infd.edu.ar\/sitio\/wp-content\/uploads\/2022\/04\/linea2-1536x124.jpg 1536w, https:\/\/is68-sfe.infd.edu.ar\/sitio\/wp-content\/uploads\/2022\/04\/linea2-2048x165.jpg 2048w\" sizes=\"(max-width: 1900px) 100vw, 1900px\" \/><\/figure>\n\n\n<div class=\"wp-block-image\">\n<figure class=\"aligncenter size-full is-resized\"><img decoding=\"async\" loading=\"lazy\" src=\"https:\/\/is68-sfe.infd.edu.ar\/sitio\/wp-content\/uploads\/2023\/02\/WhatsApp-Image-2023-02-23-at-16.47.05.jpeg\" alt=\"\" class=\"wp-image-2805\" width=\"675\" height=\"1200\" srcset=\"https:\/\/is68-sfe.infd.edu.ar\/sitio\/wp-content\/uploads\/2023\/02\/WhatsApp-Image-2023-02-23-at-16.47.05.jpeg 900w, https:\/\/is68-sfe.infd.edu.ar\/sitio\/wp-content\/uploads\/2023\/02\/WhatsApp-Image-2023-02-23-at-16.47.05-563x1000.jpeg 563w, https:\/\/is68-sfe.infd.edu.ar\/sitio\/wp-content\/uploads\/2023\/02\/WhatsApp-Image-2023-02-23-at-16.47.05-768x1365.jpeg 768w, https:\/\/is68-sfe.infd.edu.ar\/sitio\/wp-content\/uploads\/2023\/02\/WhatsApp-Image-2023-02-23-at-16.47.05-864x1536.jpeg 864w\" sizes=\"(max-width: 675px) 100vw, 675px\" \/><\/figure><\/div>\n\n\n<figure class=\"wp-block-image size-large\"><img decoding=\"async\" loading=\"lazy\" width=\"1900\" height=\"153\" src=\"https:\/\/is68-sfe.infd.edu.ar\/sitio\/wp-content\/uploads\/2022\/04\/linea-1900x153.jpg\" alt=\"\" class=\"wp-image-2392\" srcset=\"https:\/\/is68-sfe.infd.edu.ar\/sitio\/wp-content\/uploads\/2022\/04\/linea-1900x153.jpg 1900w, https:\/\/is68-sfe.infd.edu.ar\/sitio\/wp-content\/uploads\/2022\/04\/linea-1000x80.jpg 1000w, https:\/\/is68-sfe.infd.edu.ar\/sitio\/wp-content\/uploads\/2022\/04\/linea-768x62.jpg 768w, https:\/\/is68-sfe.infd.edu.ar\/sitio\/wp-content\/uploads\/2022\/04\/linea-1536x123.jpg 1536w, https:\/\/is68-sfe.infd.edu.ar\/sitio\/wp-content\/uploads\/2022\/04\/linea-2048x164.jpg 2048w\" sizes=\"(max-width: 1900px) 100vw, 1900px\" \/><\/figure>\n\n\n<div class=\"wp-block-image\">\n<figure class=\"aligncenter size-large is-resized\"><img decoding=\"async\" loading=\"lazy\" src=\"https:\/\/is68-sfe.infd.edu.ar\/sitio\/wp-content\/uploads\/2022\/11\/WhatsApp-Image-2022-11-17-at-17.57.30.jpeg\" alt=\"\" class=\"wp-image-2681\" width=\"540\" height=\"540\" srcset=\"https:\/\/is68-sfe.infd.edu.ar\/sitio\/wp-content\/uploads\/2022\/11\/WhatsApp-Image-2022-11-17-at-17.57.30.jpeg 720w, https:\/\/is68-sfe.infd.edu.ar\/sitio\/wp-content\/uploads\/2022\/11\/WhatsApp-Image-2022-11-17-at-17.57.30-500x500.jpeg 500w\" sizes=\"(max-width: 540px) 100vw, 540px\" \/><\/figure><\/div>\n\n\n<figure class=\"wp-block-image size-large\"><img decoding=\"async\" loading=\"lazy\" width=\"1900\" height=\"153\" src=\"https:\/\/is68-sfe.infd.edu.ar\/sitio\/wp-content\/uploads\/2022\/04\/linea2-1900x153.jpg\" alt=\"\" class=\"wp-image-2408\" srcset=\"https:\/\/is68-sfe.infd.edu.ar\/sitio\/wp-content\/uploads\/2022\/04\/linea2-1900x153.jpg 1900w, https:\/\/is68-sfe.infd.edu.ar\/sitio\/wp-content\/uploads\/2022\/04\/linea2-1000x81.jpg 1000w, https:\/\/is68-sfe.infd.edu.ar\/sitio\/wp-content\/uploads\/2022\/04\/linea2-768x62.jpg 768w, https:\/\/is68-sfe.infd.edu.ar\/sitio\/wp-content\/uploads\/2022\/04\/linea2-1536x124.jpg 1536w, https:\/\/is68-sfe.infd.edu.ar\/sitio\/wp-content\/uploads\/2022\/04\/linea2-2048x165.jpg 2048w\" sizes=\"(max-width: 1900px) 100vw, 1900px\" \/><\/figure>\n\n\n<div class=\"wp-block-image\">\n<figure class=\"aligncenter size-large is-resized\"><img decoding=\"async\" loading=\"lazy\" src=\"https:\/\/is68-sfe.infd.edu.ar\/sitio\/wp-content\/uploads\/2022\/11\/WhatsApp-Image-2022-11-17-at-17.57.57.jpeg\" alt=\"\" class=\"wp-image-2680\" width=\"540\" height=\"675\"\/><\/figure><\/div>\n\n\n<figure class=\"wp-block-image size-large\"><img decoding=\"async\" loading=\"lazy\" width=\"1900\" height=\"153\" src=\"https:\/\/is68-sfe.infd.edu.ar\/sitio\/wp-content\/uploads\/2022\/04\/linea3-1900x153.jpg\" alt=\"\" class=\"wp-image-2409\" srcset=\"https:\/\/is68-sfe.infd.edu.ar\/sitio\/wp-content\/uploads\/2022\/04\/linea3-1900x153.jpg 1900w, https:\/\/is68-sfe.infd.edu.ar\/sitio\/wp-content\/uploads\/2022\/04\/linea3-1000x80.jpg 1000w, https:\/\/is68-sfe.infd.edu.ar\/sitio\/wp-content\/uploads\/2022\/04\/linea3-768x62.jpg 768w, https:\/\/is68-sfe.infd.edu.ar\/sitio\/wp-content\/uploads\/2022\/04\/linea3-1536x123.jpg 1536w, https:\/\/is68-sfe.infd.edu.ar\/sitio\/wp-content\/uploads\/2022\/04\/linea3-2048x164.jpg 2048w\" sizes=\"(max-width: 1900px) 100vw, 1900px\" \/><\/figure>\n\n\n<div class=\"wp-block-image\">\n<figure class=\"aligncenter size-large is-resized\"><img decoding=\"async\" loading=\"lazy\" src=\"https:\/\/is68-sfe.infd.edu.ar\/sitio\/wp-content\/uploads\/2022\/11\/WhatsApp-Image-2022-11-16-at-15.10.39.jpeg\" alt=\"\" class=\"wp-image-2679\" width=\"540\" height=\"540\" srcset=\"https:\/\/is68-sfe.infd.edu.ar\/sitio\/wp-content\/uploads\/2022\/11\/WhatsApp-Image-2022-11-16-at-15.10.39.jpeg 720w, https:\/\/is68-sfe.infd.edu.ar\/sitio\/wp-content\/uploads\/2022\/11\/WhatsApp-Image-2022-11-16-at-15.10.39-500x500.jpeg 500w\" sizes=\"(max-width: 540px) 100vw, 540px\" \/><\/figure><\/div>\n\n\n<figure class=\"wp-block-image size-large\"><img decoding=\"async\" loading=\"lazy\" width=\"1900\" height=\"153\" src=\"https:\/\/is68-sfe.infd.edu.ar\/sitio\/wp-content\/uploads\/2022\/04\/linea-1900x153.jpg\" alt=\"\" class=\"wp-image-2392\" srcset=\"https:\/\/is68-sfe.infd.edu.ar\/sitio\/wp-content\/uploads\/2022\/04\/linea-1900x153.jpg 1900w, https:\/\/is68-sfe.infd.edu.ar\/sitio\/wp-content\/uploads\/2022\/04\/linea-1000x80.jpg 1000w, https:\/\/is68-sfe.infd.edu.ar\/sitio\/wp-content\/uploads\/2022\/04\/linea-768x62.jpg 768w, https:\/\/is68-sfe.infd.edu.ar\/sitio\/wp-content\/uploads\/2022\/04\/linea-1536x123.jpg 1536w, https:\/\/is68-sfe.infd.edu.ar\/sitio\/wp-content\/uploads\/2022\/04\/linea-2048x164.jpg 2048w\" sizes=\"(max-width: 1900px) 100vw, 1900px\" \/><\/figure>\n\n\n\n<h2 class=\"wp-block-heading\">Empresa: Sadesa S.A<\/h2>\n\n\n\n<p><strong>Puesto<\/strong>: Analista Funcional de Sistemas &#8211; Aplicaciones Industriales<\/p>\n\n\n\n<p><strong>Lugar de Trabajo<\/strong>: Esperanza<\/p>\n\n\n\n<p><strong>Tareas a desarrollar<\/strong>: Soporte funcional a usuarios. Participaci\u00f3n en desarrollo y pruebas de aplicaciones. Documentaci\u00f3n de procesos y procedimientos. Elaboraci\u00f3n de instructIvos y actividades de capacitaci\u00f3n a usuarios.<\/p>\n\n\n\n<p><strong>Estudios<\/strong>: estudiantes pr\u00f3ximos a graduarse o graduados de la Carrera T\u00e9cnico Analista Funcional de sistemas Inform\u00e1ticos o Carreras afines<\/p>\n\n\n\n<p><strong>Perfil buscado<\/strong>: Proactivo. Predisposici\u00f3n para el trabajo en equipos. Inter\u00e9s en adquirir nuevos conocimientos. Buena comunicaci\u00f3n interpersonal.<\/p>\n\n\n\n<p><strong>Requisitos<\/strong>: Edad entre 22 y 35 a\u00f1os. Disponibilidad para viajes<\/p>\n\n\n\n<p><strong>Se valora<\/strong>: experiencia en tareas similares. Comunicaci\u00f3n en Ingl\u00e9s<\/p>\n\n\n\n<p><strong>Se ofrece<\/strong>: estabilidad laboral. Buen ambiente de trabajo. Capacitaci\u00f3n continua<\/p>\n\n\n\n<p><strong>Postulantes<\/strong>: <em>Enviar CV por mail a&nbsp;<a rel=\"noreferrer noopener\" href=\"mailto:engledan@sadesa.com\" target=\"_blank\">engledan@sadesa.com<\/a>&nbsp;hasta el 08 de abril de 2022.<\/em><\/p>\n\n\n\n<figure class=\"wp-block-image size-large\"><img decoding=\"async\" loading=\"lazy\" width=\"1900\" height=\"153\" src=\"https:\/\/is68-sfe.infd.edu.ar\/sitio\/wp-content\/uploads\/2022\/04\/linea2-1900x153.jpg\" alt=\"\" class=\"wp-image-2408\" srcset=\"https:\/\/is68-sfe.infd.edu.ar\/sitio\/wp-content\/uploads\/2022\/04\/linea2-1900x153.jpg 1900w, https:\/\/is68-sfe.infd.edu.ar\/sitio\/wp-content\/uploads\/2022\/04\/linea2-1000x81.jpg 1000w, https:\/\/is68-sfe.infd.edu.ar\/sitio\/wp-content\/uploads\/2022\/04\/linea2-768x62.jpg 768w, https:\/\/is68-sfe.infd.edu.ar\/sitio\/wp-content\/uploads\/2022\/04\/linea2-1536x124.jpg 1536w, https:\/\/is68-sfe.infd.edu.ar\/sitio\/wp-content\/uploads\/2022\/04\/linea2-2048x165.jpg 2048w\" sizes=\"(max-width: 1900px) 100vw, 1900px\" \/><\/figure>\n\n\n\n<h2 class=\"wp-block-heading\">S\/H Soluciones Humanas<\/h2>\n\n\n\n<p>Seleccionar\u00e1 personal para Empresa local<\/p>\n\n\n\n<p><strong>Puesto<\/strong>: Responsable de Ventas<\/p>\n\n\n\n<p><strong>Funciones<\/strong>: Venta y asistencia post venta. Determinar objetivos y programas de venta. An\u00e1lisis de datos de clientes y reportes gerenciales. Atenci\u00f3n y ampliaci\u00f3n de cartera de clientes.<\/p>\n\n\n\n<p><strong>Lugar de trabajo<\/strong>: Esperanza<\/p>\n\n\n\n<p><strong>Requisitos:<\/strong> Disponibilidad horaria. T\u00edtulo Terciario completo o Universitario. Sexo Masculino. Experiencia de 3 a 5 a\u00f1os en puestos similares. Disponibilidad para viajar<\/p>\n\n\n\n<p><strong>Perfil buscado:<\/strong> Edad entre 28 y 40 a\u00f1os.Buen conocimiento en manejo de herramientas inform\u00e1ticas de oficina. Habilidades para ventas por distintos canales.<\/p>\n\n\n\n<p><strong>Se valora<\/strong>: Orientaci\u00f3n a clientes y a resultados. Capacidad de negociaci\u00f3n. Proactividad. Habilidades de comunicaci\u00f3n. Manejo de herramientas de dise\u00f1o y redes sociales.<\/p>\n\n\n\n<p><strong>Postulantes<\/strong>: enviar curr\u00edculum a busquedashconsultora@gmail.com<\/p>\n\n\n\n<figure class=\"wp-block-image size-large\"><img decoding=\"async\" loading=\"lazy\" width=\"1900\" height=\"153\" src=\"https:\/\/is68-sfe.infd.edu.ar\/sitio\/wp-content\/uploads\/2022\/04\/linea3-1900x153.jpg\" alt=\"\" class=\"wp-image-2409\" srcset=\"https:\/\/is68-sfe.infd.edu.ar\/sitio\/wp-content\/uploads\/2022\/04\/linea3-1900x153.jpg 1900w, https:\/\/is68-sfe.infd.edu.ar\/sitio\/wp-content\/uploads\/2022\/04\/linea3-1000x80.jpg 1000w, https:\/\/is68-sfe.infd.edu.ar\/sitio\/wp-content\/uploads\/2022\/04\/linea3-768x62.jpg 768w, https:\/\/is68-sfe.infd.edu.ar\/sitio\/wp-content\/uploads\/2022\/04\/linea3-1536x123.jpg 1536w, https:\/\/is68-sfe.infd.edu.ar\/sitio\/wp-content\/uploads\/2022\/04\/linea3-2048x164.jpg 2048w\" sizes=\"(max-width: 1900px) 100vw, 1900px\" \/><\/figure>\n\n\n\n<h2 class=\"wp-block-heading\">Mel.Graf Recursos Humanos<\/h2>\n\n\n\n<p>Seleccionar\u00e1 personal para Escriban\u00eda y Estudio Jur\u00eddico <strong>CURSACK<\/strong><\/p>\n\n\n\n<p><strong>Puesto<\/strong>: Secretaria\/o Administrativo<\/p>\n\n\n\n<p><strong>Funciones<\/strong>: atenci\u00f3n al p\u00fablico. Atenci\u00f3n telef\u00f3nica. Organizaci\u00f3n de agenda. Realizaci\u00f3n de tr\u00e1mites. Control de documentos<\/p>\n\n\n\n<p><strong>Requisitos<\/strong>: Disponibilidad horaria. Secundario completo. <\/p>\n\n\n\n<p><strong>Perfil buscado<\/strong>: Organizaci\u00f3n, compromiso y responsabilidad para el trabjo.<\/p>\n\n\n\n<p><strong>Se valora<\/strong>: Experiencia. Alto nivel de escritura y manejo de PC.<\/p>\n\n\n\n<p><strong>Postulantes<\/strong>: Enviar curr\u00edculum con foto y remuneraci\u00f3n pretendida a melgraf@hotmail.com asta el 17\/04\/22. Referencia: Sec. Adm.<\/p>\n\n\n\n<p><\/p>\n","protected":false},"excerpt":{"rendered":"<p>Empresa: Sadesa S.A Puesto: Analista Funcional de Sistemas &#8211; Aplicaciones Industriales Lugar de Trabajo: Esperanza Tareas a desarrollar: Soporte funcional a usuarios. Participaci\u00f3n en desarrollo y pruebas de aplicaciones. Documentaci\u00f3n de procesos y procedimientos. Elaboraci\u00f3n de instructIvos y actividades de capacitaci\u00f3n a usuarios. Estudios: estudiantes pr\u00f3ximos a graduarse o graduados de la Carrera T\u00e9cnico Analista &#8230; <a title=\"B\u00fasqueda Laboral\" class=\"read-more\" href=\"https:\/\/is68-sfe.infd.edu.ar\/sitio\/busqueda-laboral\/\" aria-label=\"More on B\u00fasqueda Laboral\">[+]<\/a><\/p>\n","protected":false},"author":7,"featured_media":0,"parent":0,"menu_order":0,"comment_status":"closed","ping_status":"closed","template":"","meta":[],"acf":[],"_links":{"self":[{"href":"https:\/\/is68-sfe.infd.edu.ar\/sitio\/wp-json\/wp\/v2\/pages\/2402"}],"collection":[{"href":"https:\/\/is68-sfe.infd.edu.ar\/sitio\/wp-json\/wp\/v2\/pages"}],"about":[{"href":"https:\/\/is68-sfe.infd.edu.ar\/sitio\/wp-json\/wp\/v2\/types\/page"}],"author":[{"embeddable":true,"href":"https:\/\/is68-sfe.infd.edu.ar\/sitio\/wp-json\/wp\/v2\/users\/7"}],"replies":[{"embeddable":true,"href":"https:\/\/is68-sfe.infd.edu.ar\/sitio\/wp-json\/wp\/v2\/comments?post=2402"}],"version-history":[{"count":12,"href":"https:\/\/is68-sfe.infd.edu.ar\/sitio\/wp-json\/wp\/v2\/pages\/2402\/revisions"}],"predecessor-version":[{"id":3107,"href":"https:\/\/is68-sfe.infd.edu.ar\/sitio\/wp-json\/wp\/v2\/pages\/2402\/revisions\/3107"}],"wp:attachment":[{"href":"https:\/\/is68-sfe.infd.edu.ar\/sitio\/wp-json\/wp\/v2\/media?parent=2402"}],"curies":[{"name":"wp","href":"https:\/\/api.w.org\/{rel}","templated":true}]}}